{"id":540,"date":"2018-11-27T09:16:54","date_gmt":"2018-11-27T06:16:54","guid":{"rendered":"http:\/\/localhost\/kfwp\/index.php\/home\/"},"modified":"2023-06-30T16:44:37","modified_gmt":"2023-06-30T13:44:37","slug":"home","status":"publish","type":"page","link":"https:\/\/www.kursunelkanun.com\/","title":{"rendered":"Anasayfa"},"content":{"rendered":"\t\t<div data-elementor-type=\"wp-page\" data-elementor-id=\"540\" class=\"elementor elementor-540\">\n\t\t\t\t\t\t<section class=\"elementor-section elementor-top-section elementor-element elementor-element-c50838b elementor-section-boxed elementor-section-height-default elementor-section-height-default\" data-id=\"c50838b\" data-element_type=\"section\" data-settings=\"{&quot;background_background&quot;:&quot;classic&quot;}\">\n\t\t\t\t\t\t\t<div class=\"elementor-background-overlay\"><\/div>\n\t\t\t\t\t\t\t<div class=\"elementor-container elementor-column-gap-default\">\n\t\t\t\t\t<div class=\"elementor-column elementor-col-100 elementor-top-column elementor-element elementor-element-55b0429\" data-id=\"55b0429\" data-element_type=\"column\">\n\t\t\t<div class=\"elementor-widget-wrap elementor-element-populated\">\n\t\t\t\t\t\t<div class=\"elementor-element elementor-element-3428592 elementor-widget elementor-widget-heading\" data-id=\"3428592\" data-element_type=\"widget\" data-widget_type=\"heading.default\">\n\t\t\t\t<div class=\"elementor-widget-container\">\n\t\t\t\t\t<h3 class=\"elementor-heading-title elementor-size-default\">\u0130yi enstr\u00fcman, \u0130yi m\u00fczik.<\/h3>\t\t\t\t<\/div>\n\t\t\t\t<\/div>\n\t\t\t\t<div class=\"elementor-element elementor-element-92570e2 elementor-widget-divider--view-line elementor-widget elementor-widget-divider\" data-id=\"92570e2\" data-element_type=\"widget\" data-widget_type=\"divider.default\">\n\t\t\t\t<div class=\"elementor-widget-container\">\n\t\t\t\t\t\t\t<div class=\"elementor-divider\">\n\t\t\t<span class=\"elementor-divider-separator\">\n\t\t\t\t\t\t<\/span>\n\t\t<\/div>\n\t\t\t\t\t\t<\/div>\n\t\t\t\t<\/div>\n\t\t\t\t<div class=\"elementor-element elementor-element-453e782 elementor-widget elementor-widget-heading\" data-id=\"453e782\" data-element_type=\"widget\" data-widget_type=\"heading.default\">\n\t\t\t\t<div class=\"elementor-widget-container\">\n\t\t\t\t\t<h1 class=\"elementor-heading-title elementor-size-default\">kur\u015funel kanun<\/h1>\t\t\t\t<\/div>\n\t\t\t\t<\/div>\n\t\t\t\t<div class=\"elementor-element elementor-element-cab84e1 elementor-align-center elementor-widget elementor-widget-button\" data-id=\"cab84e1\" data-element_type=\"widget\" data-widget_type=\"button.default\">\n\t\t\t\t<div class=\"elementor-widget-container\">\n\t\t\t\t\t\t\t\t\t<div class=\"elementor-button-wrapper\">\n\t\t\t\t\t<a class=\"elementor-button elementor-button-link elementor-size-sm\" href=\"#kanunmodel\">\n\t\t\t\t\t\t<span class=\"elementor-button-content-wrapper\">\n\t\t\t\t\t\t\t\t\t<span class=\"elementor-button-text\">Ke\u015ffet<\/span>\n\t\t\t\t\t<\/span>\n\t\t\t\t\t<\/a>\n\t\t\t\t<\/div>\n\t\t\t\t\t\t\t\t<\/div>\n\t\t\t\t<\/div>\n\t\t\t\t\t<\/div>\n\t\t<\/div>\n\t\t\t\t\t<\/div>\n\t\t<\/section>\n\t\t\t\t<section class=\"elementor-section elementor-top-section elementor-element elementor-element-01ffef0 elementor-section-boxed elementor-section-height-default elementor-section-height-default\" data-id=\"01ffef0\" data-element_type=\"section\" id=\"kanunmodel\">\n\t\t\t\t\t\t<div class=\"elementor-container elementor-column-gap-default\">\n\t\t\t\t\t<div class=\"elementor-column elementor-col-100 elementor-top-column elementor-element elementor-element-0aa0836\" data-id=\"0aa0836\" data-element_type=\"column\">\n\t\t\t<div class=\"elementor-widget-wrap elementor-element-populated\">\n\t\t\t\t\t\t<div class=\"elementor-element elementor-element-e5e7443 elementor-widget elementor-widget-heading\" data-id=\"e5e7443\" data-element_type=\"widget\" data-widget_type=\"heading.default\">\n\t\t\t\t<div class=\"elementor-widget-container\">\n\t\t\t\t\t<h2 class=\"elementor-heading-title elementor-size-default\">Kanun modellerimiz<\/h2>\t\t\t\t<\/div>\n\t\t\t\t<\/div>\n\t\t\t\t<div class=\"elementor-element elementor-element-151b4b0 elementor-widget-divider--view-line elementor-widget elementor-widget-divider\" data-id=\"151b4b0\" data-element_type=\"widget\" data-widget_type=\"divider.default\">\n\t\t\t\t<div class=\"elementor-widget-container\">\n\t\t\t\t\t\t\t<div class=\"elementor-divider\">\n\t\t\t<span class=\"elementor-divider-separator\">\n\t\t\t\t\t\t<\/span>\n\t\t<\/div>\n\t\t\t\t\t\t<\/div>\n\t\t\t\t<\/div>\n\t\t\t\t<section class=\"elementor-section elementor-inner-section elementor-element elementor-element-5415cda elementor-section-boxed elementor-section-height-default elementor-section-height-default\" data-id=\"5415cda\" data-element_type=\"section\">\n\t\t\t\t\t\t<div class=\"elementor-container elementor-column-gap-default\">\n\t\t\t\t\t<div class=\"elementor-column elementor-col-33 elementor-inner-column elementor-element elementor-element-2c614c4\" data-id=\"2c614c4\" data-element_type=\"column\">\n\t\t\t<div class=\"elementor-widget-wrap elementor-element-populated\">\n\t\t\t\t\t\t<div class=\"elementor-element elementor-element-a15c162 elementor-widget elementor-widget-image\" data-id=\"a15c162\" data-element_type=\"widget\" data-widget_type=\"image.default\">\n\t\t\t\t<div class=\"elementor-widget-container\">\n\t\t\t\t\t\t\t\t\t\t\t\t\t\t\t<img fetchpriority=\"high\" decoding=\"async\" width=\"400\" height=\"600\" src=\"https:\/\/www.kursunelkanun.com\/wp-content\/uploads\/2023\/03\/standartmodel-1.jpg\" class=\"attachment-full size-full wp-image-1036\" alt=\"\" \/>\t\t\t\t\t\t\t\t\t\t\t\t\t\t\t<\/div>\n\t\t\t\t<\/div>\n\t\t\t\t<div class=\"elementor-element elementor-element-ba141ea elementor-widget elementor-widget-image-box\" data-id=\"ba141ea\" data-element_type=\"widget\" data-widget_type=\"image-box.default\">\n\t\t\t\t<div class=\"elementor-widget-container\">\n\t\t\t\t\t<div class=\"elementor-image-box-wrapper\"><div class=\"elementor-image-box-content\"><h5 class=\"elementor-image-box-title\">Standart<\/h5><p class=\"elementor-image-box-description\">Ba\u015flang\u0131\u00e7 seviyesi i\u00e7in \u00fcretti\u011fimiz kanun modelimiz. <br>Kay\u0131n press kapak, plastik burgu, \u00f6zel \u00fcretim krom-nikel paslanmaz mandal, pvf tel, suni deri.<\/p><\/div><\/div>\t\t\t\t<\/div>\n\t\t\t\t<\/div>\n\t\t\t\t<div class=\"elementor-element elementor-element-4cc62c7 elementor-align-center elementor-widget elementor-widget-button\" data-id=\"4cc62c7\" data-element_type=\"widget\" data-widget_type=\"button.default\">\n\t\t\t\t<div class=\"elementor-widget-container\">\n\t\t\t\t\t\t\t\t\t<div class=\"elementor-button-wrapper\">\n\t\t\t\t\t<a class=\"elementor-button elementor-button-link elementor-size-sm\" href=\"https:\/\/www.kursunelkanun.com\/?page_id=543#kmstandart\">\n\t\t\t\t\t\t<span class=\"elementor-button-content-wrapper\">\n\t\t\t\t\t\t<span class=\"elementor-button-icon\">\n\t\t\t\t<i aria-hidden=\"true\" class=\"fas fa-long-arrow-alt-right\"><\/i>\t\t\t<\/span>\n\t\t\t\t\t\t\t\t\t<span class=\"elementor-button-text\">Daha Fazla<\/span>\n\t\t\t\t\t<\/span>\n\t\t\t\t\t<\/a>\n\t\t\t\t<\/div>\n\t\t\t\t\t\t\t\t<\/div>\n\t\t\t\t<\/div>\n\t\t\t\t\t<\/div>\n\t\t<\/div>\n\t\t\t\t<div class=\"elementor-column elementor-col-33 elementor-inner-column elementor-element elementor-element-1aaf044\" data-id=\"1aaf044\" data-element_type=\"column\">\n\t\t\t<div class=\"elementor-widget-wrap elementor-element-populated\">\n\t\t\t\t\t\t<div class=\"elementor-element elementor-element-0cc4d06 elementor-widget elementor-widget-image\" data-id=\"0cc4d06\" data-element_type=\"widget\" data-widget_type=\"image.default\">\n\t\t\t\t<div class=\"elementor-widget-container\">\n\t\t\t\t\t\t\t\t\t\t\t\t\t\t\t<img decoding=\"async\" width=\"400\" height=\"600\" src=\"https:\/\/www.kursunelkanun.com\/wp-content\/uploads\/2023\/03\/klasikmodel.jpg\" class=\"attachment-full size-full wp-image-1015\" alt=\"\" \/>\t\t\t\t\t\t\t\t\t\t\t\t\t\t\t<\/div>\n\t\t\t\t<\/div>\n\t\t\t\t<div class=\"elementor-element elementor-element-7c7a6b0 elementor-widget elementor-widget-image-box\" data-id=\"7c7a6b0\" data-element_type=\"widget\" data-widget_type=\"image-box.default\">\n\t\t\t\t<div class=\"elementor-widget-container\">\n\t\t\t\t\t<div class=\"elementor-image-box-wrapper\"><div class=\"elementor-image-box-content\"><h5 class=\"elementor-image-box-title\">Klasik<\/h5><p class=\"elementor-image-box-description\">Her t\u00fcrl\u00fc seviye i\u00e7in \u00fcretti\u011fimiz profesyonel kanun modelimiz.<br>\u00c7\u0131nar kapak, ah\u015fap burgu, \u00f6zel \u00fcretim krom-nikel paslanmaz mandal, pvf tel, suni deri.<\/p><\/div><\/div>\t\t\t\t<\/div>\n\t\t\t\t<\/div>\n\t\t\t\t<div class=\"elementor-element elementor-element-874b8fb elementor-align-center elementor-widget elementor-widget-button\" data-id=\"874b8fb\" data-element_type=\"widget\" data-widget_type=\"button.default\">\n\t\t\t\t<div class=\"elementor-widget-container\">\n\t\t\t\t\t\t\t\t\t<div class=\"elementor-button-wrapper\">\n\t\t\t\t\t<a class=\"elementor-button elementor-button-link elementor-size-sm\" href=\"https:\/\/www.kursunelkanun.com\/?page_id=543#kmklasik\">\n\t\t\t\t\t\t<span class=\"elementor-button-content-wrapper\">\n\t\t\t\t\t\t<span class=\"elementor-button-icon\">\n\t\t\t\t<i aria-hidden=\"true\" class=\"fas fa-long-arrow-alt-right\"><\/i>\t\t\t<\/span>\n\t\t\t\t\t\t\t\t\t<span class=\"elementor-button-text\">Daha Fazla<\/span>\n\t\t\t\t\t<\/span>\n\t\t\t\t\t<\/a>\n\t\t\t\t<\/div>\n\t\t\t\t\t\t\t\t<\/div>\n\t\t\t\t<\/div>\n\t\t\t\t\t<\/div>\n\t\t<\/div>\n\t\t\t\t<div class=\"elementor-column elementor-col-33 elementor-inner-column elementor-element elementor-element-3e14168\" data-id=\"3e14168\" data-element_type=\"column\">\n\t\t\t<div class=\"elementor-widget-wrap elementor-element-populated\">\n\t\t\t\t\t\t<div class=\"elementor-element elementor-element-dfe3626 elementor-widget elementor-widget-image\" data-id=\"dfe3626\" data-element_type=\"widget\" data-widget_type=\"image.default\">\n\t\t\t\t<div class=\"elementor-widget-container\">\n\t\t\t\t\t\t\t\t\t\t\t\t\t\t\t<img decoding=\"async\" width=\"400\" height=\"600\" src=\"https:\/\/www.kursunelkanun.com\/wp-content\/uploads\/2023\/03\/extramodel.jpg\" class=\"attachment-full size-full wp-image-1016\" alt=\"\" \/>\t\t\t\t\t\t\t\t\t\t\t\t\t\t\t<\/div>\n\t\t\t\t<\/div>\n\t\t\t\t<div class=\"elementor-element elementor-element-eb97621 elementor-widget elementor-widget-image-box\" data-id=\"eb97621\" data-element_type=\"widget\" data-widget_type=\"image-box.default\">\n\t\t\t\t<div class=\"elementor-widget-container\">\n\t\t\t\t\t<div class=\"elementor-image-box-wrapper\"><div class=\"elementor-image-box-content\"><h5 class=\"elementor-image-box-title\">\u00d6zel<\/h5><p class=\"elementor-image-box-description\">Ki\u015fiye \u00f6zel \u00fcretti\u011fimiz kanun modelimiz.<br>\u00d6zel tasar\u0131m kapak, iste\u011fe ba\u011fl\u0131 burgu, krom-nikel paslanmaz mandal, pvf tel, suni\/do\u011fal deri.<\/p><\/div><\/div>\t\t\t\t<\/div>\n\t\t\t\t<\/div>\n\t\t\t\t<div class=\"elementor-element elementor-element-86237f6 elementor-align-center elementor-widget elementor-widget-button\" data-id=\"86237f6\" data-element_type=\"widget\" data-widget_type=\"button.default\">\n\t\t\t\t<div class=\"elementor-widget-container\">\n\t\t\t\t\t\t\t\t\t<div class=\"elementor-button-wrapper\">\n\t\t\t\t\t<a class=\"elementor-button elementor-button-link elementor-size-sm\" href=\"https:\/\/www.kursunelkanun.com\/?page_id=543#kmextra\">\n\t\t\t\t\t\t<span class=\"elementor-button-content-wrapper\">\n\t\t\t\t\t\t<span class=\"elementor-button-icon\">\n\t\t\t\t<i aria-hidden=\"true\" class=\"fas fa-long-arrow-alt-right\"><\/i>\t\t\t<\/span>\n\t\t\t\t\t\t\t\t\t<span class=\"elementor-button-text\">Daha Fazla<\/span>\n\t\t\t\t\t<\/span>\n\t\t\t\t\t<\/a>\n\t\t\t\t<\/div>\n\t\t\t\t\t\t\t\t<\/div>\n\t\t\t\t<\/div>\n\t\t\t\t\t<\/div>\n\t\t<\/div>\n\t\t\t\t\t<\/div>\n\t\t<\/section>\n\t\t\t\t\t<\/div>\n\t\t<\/div>\n\t\t\t\t\t<\/div>\n\t\t<\/section>\n\t\t\t\t<section class=\"elementor-section elementor-top-section elementor-element elementor-element-51af88c elementor-section-boxed elementor-section-height-default elementor-section-height-default\" data-id=\"51af88c\" data-element_type=\"section\" data-settings=\"{&quot;background_background&quot;:&quot;classic&quot;}\">\n\t\t\t\t\t\t\t<div class=\"elementor-background-overlay\"><\/div>\n\t\t\t\t\t\t\t<div class=\"elementor-container elementor-column-gap-default\">\n\t\t\t\t\t<div class=\"elementor-column elementor-col-100 elementor-top-column elementor-element elementor-element-a9a69dd\" data-id=\"a9a69dd\" data-element_type=\"column\">\n\t\t\t<div class=\"elementor-widget-wrap elementor-element-populated\">\n\t\t\t\t\t\t<div class=\"elementor-element elementor-element-903dcf2 elementor-widget elementor-widget-heading\" data-id=\"903dcf2\" data-element_type=\"widget\" data-widget_type=\"heading.default\">\n\t\t\t\t<div class=\"elementor-widget-container\">\n\t\t\t\t\t<h2 class=\"elementor-heading-title elementor-size-default\">kanunlar\u0131m\u0131z\u0131 ke\u015ffedin<\/h2>\t\t\t\t<\/div>\n\t\t\t\t<\/div>\n\t\t\t\t<div class=\"elementor-element elementor-element-1694eb3 elementor-widget-divider--view-line elementor-widget elementor-widget-divider\" data-id=\"1694eb3\" data-element_type=\"widget\" data-widget_type=\"divider.default\">\n\t\t\t\t<div class=\"elementor-widget-container\">\n\t\t\t\t\t\t\t<div class=\"elementor-divider\">\n\t\t\t<span class=\"elementor-divider-separator\">\n\t\t\t\t\t\t<\/span>\n\t\t<\/div>\n\t\t\t\t\t\t<\/div>\n\t\t\t\t<\/div>\n\t\t\t\t<div class=\"elementor-element elementor-element-c07d6ad elementor-widget elementor-widget-text-editor\" data-id=\"c07d6ad\" data-element_type=\"widget\" data-widget_type=\"text-editor.default\">\n\t\t\t\t<div class=\"elementor-widget-container\">\n\t\t\t\t\t\t\t\t\t<p>Profesyonel Yap\u0131m, Y\u0131llar\u0131n Tecr\u00fcbesi, Kaliteli \u00dcretim.<br \/>Kanunlar\u0131m\u0131z\u0131 At\u00f6lyemizde \u0130nceleyebilirsiniz.<\/p>\t\t\t\t\t\t\t\t<\/div>\n\t\t\t\t<\/div>\n\t\t\t\t<div class=\"elementor-element elementor-element-3ab74e6 elementor-align-left elementor-mobile-align-center elementor-widget elementor-widget-button\" data-id=\"3ab74e6\" data-element_type=\"widget\" data-widget_type=\"button.default\">\n\t\t\t\t<div class=\"elementor-widget-container\">\n\t\t\t\t\t\t\t\t\t<div class=\"elementor-button-wrapper\">\n\t\t\t\t\t<a class=\"elementor-button elementor-button-link elementor-size-sm\" href=\"https:\/\/www.kursunelkanun.com\/?page_id=544#randevu\">\n\t\t\t\t\t\t<span class=\"elementor-button-content-wrapper\">\n\t\t\t\t\t\t<span class=\"elementor-button-icon\">\n\t\t\t\t\t\t\t<\/span>\n\t\t\t\t\t\t\t\t\t<span class=\"elementor-button-text\">Randevu Al<\/span>\n\t\t\t\t\t<\/span>\n\t\t\t\t\t<\/a>\n\t\t\t\t<\/div>\n\t\t\t\t\t\t\t\t<\/div>\n\t\t\t\t<\/div>\n\t\t\t\t\t<\/div>\n\t\t<\/div>\n\t\t\t\t\t<\/div>\n\t\t<\/section>\n\t\t\t\t<section class=\"elementor-section elementor-top-section elementor-element elementor-element-c604d49 elementor-section-boxed elementor-section-height-default elementor-section-height-default\" data-id=\"c604d49\" data-element_type=\"section\">\n\t\t\t\t\t\t<div class=\"elementor-container elementor-column-gap-default\">\n\t\t\t\t\t<div class=\"elementor-column elementor-col-33 elementor-top-column elementor-element elementor-element-db54639\" data-id=\"db54639\" data-element_type=\"column\">\n\t\t\t<div class=\"elementor-widget-wrap elementor-element-populated\">\n\t\t\t\t\t\t<div class=\"elementor-element elementor-element-fb8d721 elementor-widget elementor-widget-heading\" data-id=\"fb8d721\" data-element_type=\"widget\" data-widget_type=\"heading.default\">\n\t\t\t\t<div class=\"elementor-widget-container\">\n\t\t\t\t\t<h2 class=\"elementor-heading-title elementor-size-default\">At\u00f6lye \u00c7al\u0131\u015fmalar\u0131m\u0131z<\/h2>\t\t\t\t<\/div>\n\t\t\t\t<\/div>\n\t\t\t\t<div class=\"elementor-element elementor-element-a271134 elementor-widget-divider--view-line elementor-widget elementor-widget-divider\" data-id=\"a271134\" data-element_type=\"widget\" data-widget_type=\"divider.default\">\n\t\t\t\t<div class=\"elementor-widget-container\">\n\t\t\t\t\t\t\t<div class=\"elementor-divider\">\n\t\t\t<span class=\"elementor-divider-separator\">\n\t\t\t\t\t\t<\/span>\n\t\t<\/div>\n\t\t\t\t\t\t<\/div>\n\t\t\t\t<\/div>\n\t\t\t\t<div class=\"elementor-element elementor-element-38df08c elementor-widget elementor-widget-text-editor\" data-id=\"38df08c\" data-element_type=\"widget\" data-widget_type=\"text-editor.default\">\n\t\t\t\t<div class=\"elementor-widget-container\">\n\t\t\t\t\t\t\t\t\t<p>\u0130\u015fimizi \u00f6nemsiyoruz. Enstr\u00fcmanlar\u0131m\u0131z i\u00e7in \u00f6zenle se\u00e7ti\u011fimiz ve kuruttu\u011fumuz masif a\u011fa\u00e7lar\u0131m\u0131za y\u0131llar\u0131n deneyimini ve enerjimizi kat\u0131yoruz.&nbsp;<\/p>\n<p>Geleneksel yap\u0131m k\u00fclt\u00fcr\u00fcne sahip \u00e7\u0131karak yenilik\u00e7i fikirler ve teknojilerle&nbsp;<span style=\"background-color: var(--ast-global-color-4); color: var(--ast-global-color-3); font-size: 1rem;\">kaliteden \u00f6d\u00fcn vermeden \u00fcretim yap\u0131yoruz.<\/span><\/p>\n<p>Sat\u0131\u015f ve sat\u0131\u015f sonras\u0131 deste\u011fimizle d\u00fcnya \u00e7ap\u0131nda bir\u00e7ok m\u00fc\u015fterimize hizmet vermekteyiz.<\/p>\n<p><\/p>\t\t\t\t\t\t\t\t<\/div>\n\t\t\t\t<\/div>\n\t\t\t\t<div class=\"elementor-element elementor-element-e0ce68f elementor-align-left elementor-mobile-align-center elementor-widget elementor-widget-button\" data-id=\"e0ce68f\" data-element_type=\"widget\" data-widget_type=\"button.default\">\n\t\t\t\t<div class=\"elementor-widget-container\">\n\t\t\t\t\t\t\t\t\t<div class=\"elementor-button-wrapper\">\n\t\t\t\t\t<a class=\"elementor-button elementor-button-link elementor-size-sm\" href=\"#\">\n\t\t\t\t\t\t<span class=\"elementor-button-content-wrapper\">\n\t\t\t\t\t\t\t\t\t<span class=\"elementor-button-text\">Detayl\u0131 Bilgi<\/span>\n\t\t\t\t\t<\/span>\n\t\t\t\t\t<\/a>\n\t\t\t\t<\/div>\n\t\t\t\t\t\t\t\t<\/div>\n\t\t\t\t<\/div>\n\t\t\t\t\t<\/div>\n\t\t<\/div>\n\t\t\t\t<div class=\"elementor-column elementor-col-33 elementor-top-column elementor-element elementor-element-0e0426c\" data-id=\"0e0426c\" data-element_type=\"column\">\n\t\t\t<div class=\"elementor-widget-wrap elementor-element-populated\">\n\t\t\t\t\t\t<div class=\"elementor-element elementor-element-8d7aa89 elementor-widget elementor-widget-image\" data-id=\"8d7aa89\" data-element_type=\"widget\" data-widget_type=\"image.default\">\n\t\t\t\t<div class=\"elementor-widget-container\">\n\t\t\t\t\t\t\t\t\t\t\t\t\t\t\t<img loading=\"lazy\" decoding=\"async\" width=\"644\" height=\"402\" src=\"https:\/\/www.kursunelkanun.com\/wp-content\/uploads\/2023\/06\/Kanun-kapak-yapimi-cnc.jpg\" class=\"attachment-large size-large wp-image-1453\" alt=\"\" srcset=\"https:\/\/www.kursunelkanun.com\/wp-content\/uploads\/2023\/06\/Kanun-kapak-yapimi-cnc.jpg 644w, https:\/\/www.kursunelkanun.com\/wp-content\/uploads\/2023\/06\/Kanun-kapak-yapimi-cnc-300x187.jpg 300w\" sizes=\"(max-width: 644px) 100vw, 644px\" \/>\t\t\t\t\t\t\t\t\t\t\t\t\t\t\t<\/div>\n\t\t\t\t<\/div>\n\t\t\t\t<div class=\"elementor-element elementor-element-b7c6863 elementor-widget elementor-widget-image\" data-id=\"b7c6863\" data-element_type=\"widget\" data-widget_type=\"image.default\">\n\t\t\t\t<div class=\"elementor-widget-container\">\n\t\t\t\t\t\t\t\t\t\t\t\t\t\t\t<img loading=\"lazy\" decoding=\"async\" width=\"378\" height=\"385\" src=\"https:\/\/www.kursunelkanun.com\/wp-content\/uploads\/2023\/06\/Kanun-imalati.jpg\" class=\"attachment-full size-full wp-image-1459\" alt=\"\" srcset=\"https:\/\/www.kursunelkanun.com\/wp-content\/uploads\/2023\/06\/Kanun-imalati.jpg 378w, https:\/\/www.kursunelkanun.com\/wp-content\/uploads\/2023\/06\/Kanun-imalati-295x300.jpg 295w\" sizes=\"(max-width: 378px) 100vw, 378px\" \/>\t\t\t\t\t\t\t\t\t\t\t\t\t\t\t<\/div>\n\t\t\t\t<\/div>\n\t\t\t\t\t<\/div>\n\t\t<\/div>\n\t\t\t\t<div class=\"elementor-column elementor-col-33 elementor-top-column elementor-element elementor-element-3b90556\" data-id=\"3b90556\" data-element_type=\"column\">\n\t\t\t<div class=\"elementor-widget-wrap elementor-element-populated\">\n\t\t\t\t\t\t<div class=\"elementor-element elementor-element-dc7d86f elementor-widget elementor-widget-image\" data-id=\"dc7d86f\" data-element_type=\"widget\" data-widget_type=\"image.default\">\n\t\t\t\t<div class=\"elementor-widget-container\">\n\t\t\t\t\t\t\t\t\t\t\t\t\t\t\t<img loading=\"lazy\" decoding=\"async\" width=\"378\" height=\"385\" src=\"https:\/\/www.kursunelkanun.com\/wp-content\/uploads\/2023\/06\/Kanun-yapimi.jpg\" class=\"attachment-full size-full wp-image-1455\" alt=\"\" srcset=\"https:\/\/www.kursunelkanun.com\/wp-content\/uploads\/2023\/06\/Kanun-yapimi.jpg 378w, https:\/\/www.kursunelkanun.com\/wp-content\/uploads\/2023\/06\/Kanun-yapimi-295x300.jpg 295w\" sizes=\"(max-width: 378px) 100vw, 378px\" \/>\t\t\t\t\t\t\t\t\t\t\t\t\t\t\t<\/div>\n\t\t\t\t<\/div>\n\t\t\t\t<div class=\"elementor-element elementor-element-50649d3 elementor-widget elementor-widget-image\" data-id=\"50649d3\" data-element_type=\"widget\" data-widget_type=\"image.default\">\n\t\t\t\t<div class=\"elementor-widget-container\">\n\t\t\t\t\t\t\t\t\t\t\t\t\t\t\t<img loading=\"lazy\" decoding=\"async\" width=\"644\" height=\"402\" src=\"https:\/\/www.kursunelkanun.com\/wp-content\/uploads\/2023\/06\/Kanun-kapak-yapimi-lazer.jpg\" class=\"attachment-large size-large wp-image-1460\" alt=\"\" srcset=\"https:\/\/www.kursunelkanun.com\/wp-content\/uploads\/2023\/06\/Kanun-kapak-yapimi-lazer.jpg 644w, https:\/\/www.kursunelkanun.com\/wp-content\/uploads\/2023\/06\/Kanun-kapak-yapimi-lazer-300x187.jpg 300w\" sizes=\"(max-width: 644px) 100vw, 644px\" \/>\t\t\t\t\t\t\t\t\t\t\t\t\t\t\t<\/div>\n\t\t\t\t<\/div>\n\t\t\t\t\t<\/div>\n\t\t<\/div>\n\t\t\t\t\t<\/div>\n\t\t<\/section>\n\t\t\t\t<\/div>\n\t\t","protected":false},"excerpt":{"rendered":"<p>\u0130yi enstr\u00fcman, \u0130yi m\u00fczik. kur\u015funel kanun Ke\u015ffet Kanun modellerimiz Standart Ba\u015flang\u0131\u00e7 seviyesi i\u00e7in \u00fcretti\u011fimiz kanun modelimiz. Kay\u0131n press kapak, plastik burgu, \u00f6zel \u00fcretim krom-nikel paslanmaz mandal, pvf tel, suni deri. Daha Fazla Klasik Her t\u00fcrl\u00fc seviye i\u00e7in \u00fcretti\u011fimiz profesyonel kanun modelimiz.\u00c7\u0131nar kapak, ah\u015fap burgu, \u00f6zel \u00fcretim krom-nikel paslanmaz mandal, pvf tel, suni deri. Daha Fazla [&hellip;]<\/p>\n","protected":false},"author":1,"featured_media":0,"parent":0,"menu_order":0,"comment_status":"closed","ping_status":"closed","template":"","meta":{"site-sidebar-layout":"no-sidebar","site-content-layout":"page-builder","ast-site-content-layout":"default","site-content-style":"default","site-sidebar-style":"default","ast-global-header-display":"","ast-banner-title-visibility":"","ast-main-header-display":"","ast-hfb-above-header-display":"","ast-hfb-below-header-display":"","ast-hfb-mobile-header-display":"","site-post-title":"disabled","ast-breadcrumbs-content":"","ast-featured-img":"disabled","footer-sml-layout":"","ast-disable-related-posts":"","theme-transparent-header-meta":"enabled","adv-header-id-meta":"","stick-header-meta":"","header-above-stick-meta":"","header-main-stick-meta":"","header-below-stick-meta":"","astra-migrate-meta-layouts":"default","ast-page-background-enabled":"default","ast-page-background-meta":{"desktop":{"background-color":"","background-image":"","background-repeat":"repeat","background-position":"center center","background-size":"auto","background-attachment":"scroll","background-type":"","background-media":"","overlay-type":"","overlay-color":"","overlay-opacity":"","overlay-gradient":""},"tablet":{"background-color":"","background-image":"","background-repeat":"repeat","background-position":"center center","background-size":"auto","background-attachment":"scroll","background-type":"","background-media":"","overlay-type":"","overlay-color":"","overlay-opacity":"","overlay-gradient":""},"mobile":{"background-color":"","background-image":"","background-repeat":"repeat","background-position":"center center","background-size":"auto","background-attachment":"scroll","background-type":"","background-media":"","overlay-type":"","overlay-color":"","overlay-opacity":"","overlay-gradient":""}},"ast-content-background-meta":{"desktop":{"background-color":"var(--ast-global-color-5)","background-image":"","background-repeat":"repeat","background-position":"center center","background-size":"auto","background-attachment":"scroll","background-type":"","background-media":"","overlay-type":"","overlay-color":"","overlay-opacity":"","overlay-gradient":""},"tablet":{"background-color":"var(--ast-global-color-5)","background-image":"","background-repeat":"repeat","background-position":"center center","background-size":"auto","background-attachment":"scroll","background-type":"","background-media":"","overlay-type":"","overlay-color":"","overlay-opacity":"","overlay-gradient":""},"mobile":{"background-color":"var(--ast-global-color-5)","background-image":"","background-repeat":"repeat","background-position":"center center","background-size":"auto","background-attachment":"scroll","background-type":"","background-media":"","overlay-type":"","overlay-color":"","overlay-opacity":"","overlay-gradient":""}},"footnotes":""},"class_list":["post-540","page","type-page","status-publish","hentry"],"_links":{"self":[{"href":"https:\/\/www.kursunelkanun.com\/index.php?rest_route=\/wp\/v2\/pages\/540","targetHints":{"allow":["GET"]}}],"collection":[{"href":"https:\/\/www.kursunelkanun.com\/index.php?rest_route=\/wp\/v2\/pages"}],"about":[{"href":"https:\/\/www.kursunelkanun.com\/index.php?rest_route=\/wp\/v2\/types\/page"}],"author":[{"embeddable":true,"href":"https:\/\/www.kursunelkanun.com\/index.php?rest_route=\/wp\/v2\/users\/1"}],"replies":[{"embeddable":true,"href":"https:\/\/www.kursunelkanun.com\/index.php?rest_route=%2Fwp%2Fv2%2Fcomments&post=540"}],"version-history":[{"count":326,"href":"https:\/\/www.kursunelkanun.com\/index.php?rest_route=\/wp\/v2\/pages\/540\/revisions"}],"predecessor-version":[{"id":1463,"href":"https:\/\/www.kursunelkanun.com\/index.php?rest_route=\/wp\/v2\/pages\/540\/revisions\/1463"}],"wp:attachment":[{"href":"https:\/\/www.kursunelkanun.com\/index.php?rest_route=%2Fwp%2Fv2%2Fmedia&parent=540"}],"curies":[{"name":"wp","href":"https:\/\/api.w.org\/{rel}","templated":true}]}}